{"id":22165,"date":"2020-12-16T14:57:12","date_gmt":"2020-12-16T14:57:12","guid":{"rendered":"https:\/\/guillaumebesson.com\/impressum\/"},"modified":"2025-03-25T12:42:35","modified_gmt":"2025-03-25T12:42:35","slug":"impressum","status":"publish","type":"page","link":"https:\/\/guillaumebesson.com\/el\/impressum\/","title":{"rendered":"\u0394\u03ae\u03bb\u03c9\u03c3\u03b7 \u0391\u03c0\u03bf\u03c0\u03bf\u03af\u03b7\u03c3\u03b7\u03c2"},"content":{"rendered":"[vc_row type=&#8221;in_container&#8221; full_screen_row_position=&#8221;middle&#8221; column_margin=&#8221;default&#8221; column_direction=&#8221;default&#8221; column_direction_tablet=&#8221;default&#8221; column_direction_phone=&#8221;default&#8221; scene_position=&#8221;center&#8221; text_color=&#8221;dark&#8221; text_align=&#8221;left&#8221; row_border_radius=&#8221;none&#8221; row_border_radius_applies=&#8221;bg&#8221; overflow=&#8221;visible&#8221; overlay_strength=&#8221;0.3&#8243; gradient_direction=&#8221;left_to_right&#8221; shape_divider_position=&#8221;bottom&#8221; bg_image_animation=&#8221;none&#8221;][vc_column column_padding=&#8221;no-extra-padding&#8221; column_padding_tablet=&#8221;inherit&#8221; column_padding_phone=&#8221;inherit&#8221; column_padding_position=&#8221;all&#8221; column_element_direction_desktop=&#8221;default&#8221; column_element_spacing=&#8221;default&#8221; desktop_text_alignment=&#8221;default&#8221; tablet_text_alignment=&#8221;default&#8221; phone_text_alignment=&#8221;default&#8221; background_color_opacity=&#8221;1&#8243; background_hover_color_opacity=&#8221;1&#8243; column_backdrop_filter=&#8221;none&#8221; column_shadow=&#8221;none&#8221; column_border_radius=&#8221;none&#8221; column_link_target=&#8221;_self&#8221; column_position=&#8221;default&#8221; gradient_direction=&#8221;left_to_right&#8221; overlay_strength=&#8221;0.3&#8243; width=&#8221;1\/1&#8243; tablet_width_inherit=&#8221;default&#8221; animation_type=&#8221;default&#8221; bg_image_animation=&#8221;none&#8221; border_type=&#8221;simple&#8221; column_border_width=&#8221;none&#8221; column_border_style=&#8221;solid&#8221;][vc_column_text]\n<h3 class=\"font_2\"><strong>Initiative LUNA PARK e.V.<\/strong>\u00a0 | <span style=\"font-size: 12pt;\">Prinzenallee 8, 13357, Berlin<\/span><\/h3>\n[\/vc_column_text][\/vc_column][\/vc_row][vc_row type=&#8221;in_container&#8221; full_screen_row_position=&#8221;middle&#8221; column_margin=&#8221;default&#8221; column_direction=&#8221;default&#8221; column_direction_tablet=&#8221;default&#8221; column_direction_phone=&#8221;default&#8221; scene_position=&#8221;center&#8221; text_color=&#8221;dark&#8221; text_align=&#8221;left&#8221; row_border_radius=&#8221;none&#8221; row_border_radius_applies=&#8221;bg&#8221; overflow=&#8221;visible&#8221; overlay_strength=&#8221;0.3&#8243; gradient_direction=&#8221;left_to_right&#8221; shape_divider_position=&#8221;bottom&#8221; bg_image_animation=&#8221;none&#8221;][vc_column column_padding=&#8221;no-extra-padding&#8221; column_padding_tablet=&#8221;inherit&#8221; column_padding_phone=&#8221;inherit&#8221; column_padding_position=&#8221;all&#8221; column_element_direction_desktop=&#8221;default&#8221; column_element_spacing=&#8221;default&#8221; desktop_text_alignment=&#8221;default&#8221; tablet_text_alignment=&#8221;default&#8221; phone_text_alignment=&#8221;default&#8221; background_color_opacity=&#8221;1&#8243; background_hover_color_opacity=&#8221;1&#8243; column_backdrop_filter=&#8221;none&#8221; column_shadow=&#8221;none&#8221; column_border_radius=&#8221;none&#8221; column_link_target=&#8221;_self&#8221; column_position=&#8221;default&#8221; gradient_direction=&#8221;left_to_right&#8221; overlay_strength=&#8221;0.3&#8243; width=&#8221;1\/1&#8243; tablet_width_inherit=&#8221;default&#8221; animation_type=&#8221;default&#8221; bg_image_animation=&#8221;none&#8221; border_type=&#8221;simple&#8221; column_border_width=&#8221;none&#8221; column_border_style=&#8221;solid&#8221;][vc_column_text]\n<h3 class=\"font_2\">Disclaimer<\/h3>\n[\/vc_column_text][\/vc_column][\/vc_row][vc_row type=&#8221;in_container&#8221; full_screen_row_position=&#8221;middle&#8221; column_margin=&#8221;default&#8221; column_direction=&#8221;default&#8221; column_direction_tablet=&#8221;default&#8221; column_direction_phone=&#8221;default&#8221; scene_position=&#8221;center&#8221; text_color=&#8221;dark&#8221; text_align=&#8221;left&#8221; row_border_radius=&#8221;none&#8221; row_border_radius_applies=&#8221;bg&#8221; overflow=&#8221;visible&#8221; overlay_strength=&#8221;0.3&#8243; gradient_direction=&#8221;left_to_right&#8221; shape_divider_position=&#8221;bottom&#8221; bg_image_animation=&#8221;none&#8221;][vc_column column_padding=&#8221;no-extra-padding&#8221; column_padding_tablet=&#8221;inherit&#8221; column_padding_phone=&#8221;inherit&#8221; column_padding_position=&#8221;all&#8221; column_element_direction_desktop=&#8221;default&#8221; column_element_spacing=&#8221;default&#8221; desktop_text_alignment=&#8221;default&#8221; tablet_text_alignment=&#8221;default&#8221; phone_text_alignment=&#8221;default&#8221; background_color_opacity=&#8221;1&#8243; background_hover_color_opacity=&#8221;1&#8243; column_backdrop_filter=&#8221;none&#8221; column_shadow=&#8221;none&#8221; column_border_radius=&#8221;none&#8221; column_link_target=&#8221;_self&#8221; column_position=&#8221;default&#8221; gradient_direction=&#8221;left_to_right&#8221; overlay_strength=&#8221;0.3&#8243; width=&#8221;1\/1&#8243; tablet_width_inherit=&#8221;default&#8221; animation_type=&#8221;default&#8221; bg_image_animation=&#8221;none&#8221; border_type=&#8221;simple&#8221; column_border_width=&#8221;none&#8221; column_border_style=&#8221;solid&#8221;][tabbed_section style=&#8221;vertical_modern&#8221; tab_color=&#8221;Accent-Color&#8221; vs_content_animation=&#8221;fade&#8221; vs_link_animation=&#8221;opacity&#8221; vs_navigation_alignment=&#8221;left&#8221; vs_navigation_width_2=&#8221;25%&#8221; vs_navigation_func=&#8221;default&#8221; vs_navigation_width=&#8221;regular&#8221; vs_navigation_spacing=&#8221;15px&#8221; vs_navigation_mobile_display=&#8221;visible&#8221; vs_tab_spacing=&#8221;5%&#8221;][tab icon_family=&#8221;none&#8221; title=&#8221;1. Warnhinweis zu Inhalten&#8221; id=&#8221;1742906375721-1&#8243; tab_id=&#8221;1742906375721-5&#8243;][vc_column_text css=&#8221;&#8221; text_direction=&#8221;default&#8221;]Die kostenlosen und frei zug\u00e4nglichen Inhalte dieser Webseite wurden mit gr\u00f6\u00dftm\u00f6glicher Sorgfalt erstellt. Der Anbieter dieser Webseite \u00fcbernimmt jedoch keine Gew\u00e4hr f\u00fcr die Richtigkeit und Aktualit\u00e4t der bereitgestellten kostenlosen und frei zug\u00e4nglichen journalistischen Ratgeber und Nachrichten. Die Nutzung dieser Webseiteninhalte erfolgt auf eigene Gefahr. Allein durch den Aufruf dieser kostenlosen und frei zug\u00e4nglichen Inhalte kommt keinerlei Vertragsverh\u00e4ltnis zwischen dem Nutzer und dem Anbieter zustande, insoweit fehlt es am Rechtsbindungswillen des Anbieters.[\/vc_column_text][\/tab][tab icon_family=&#8221;none&#8221; title=&#8221;2. Verlinkungen&#8221; id=&#8221;1742906375727-7&#8243; tab_id=&#8221;1742906375727-2&#8243;][vc_column_text css=&#8221;&#8221; text_direction=&#8221;default&#8221;]\n<p style=\"text-align: justify;\">Die Webseite enth\u00e4lt Verlinkungen zu anderen Webseiten (\u201eexterne Links\u201c). Diese Webseiten unterliegen der Haftung der jeweiligen Seitenbetreiber. Bei Verkn\u00fcpfung der externen Links waren keine Rechtsverst\u00f6\u00dfe ersichtlich. Auf die aktuelle und k\u00fcnftige Gestaltung der verlinkten Seiten hat der Anbieter keinen Einfluss. Die permanente \u00dcberpr\u00fcfung der externen Links ist f\u00fcr den Anbieter ohne konkrete Hinweise auf Rechtsverst\u00f6\u00dfe nicht zumutbar. Bei Bekanntwerden von Rechtsverst\u00f6\u00dfen werden die betroffenen externen Links unverz\u00fcglich gel\u00f6scht.<\/p>\n[\/vc_column_text][\/tab][tab icon_family=&#8221;none&#8221; title=&#8221;3. Urheberrecht \/ Leistungsschutzrecht&#8221; id=&#8221;1742906375731-2&#8243; tab_id=&#8221;1742906375731-3&#8243;][vc_column_text css=&#8221;&#8221; text_direction=&#8221;default&#8221;]\n<p style=\"text-align: justify;\">Die auf dieser Webseite durch den Anbieter ver\u00f6ffentlichten Inhalte unterliegen dem deutschen Urheberrecht und Leistungsschutzrecht. Alle vom deutschen Urheber- und Leistungsschutzrecht nicht zugelassene Verwertung bedarf der vorherigen schriftlichen Zustimmung des Anbieters oder jeweiligen Rechteinhabers. Dies gilt vor allem f\u00fcr Vervielf\u00e4ltigung, Bearbeitung, \u00dcbersetzung, Einspeicherung, Verarbeitung bzw. Wiedergabe von Inhalten in Datenbanken oder anderen elektronischen Medien und Systemen. Dabei sind Inhalte und Rechte Dritter als solche gekennzeichnet. Das unerlaubte Kopieren der Webseiteninhalte oder der kompletten Webseite ist nicht gestattet und strafbar. Lediglich die Herstellung von Kopien und Downloads f\u00fcr den pers\u00f6nlichen, privaten und nicht kommerziellen Gebrauch ist erlaubt. Diese Website darf ohne schriftliche Erlaubnis nicht durch Dritte in Frames oder iFrames dargestellt werden.<\/p>\n[\/vc_column_text][\/tab][tab icon_family=&#8221;none&#8221; title=&#8221;4. Keine Werbung&#8221; id=&#8221;1742906375735-5&#8243; tab_id=&#8221;1742906375735-9&#8243;][vc_column_text css=&#8221;&#8221; text_direction=&#8221;default&#8221;]\n<p style=\"text-align: justify;\">Die Verwendung der Kontaktdaten des Impressums zur gewerblichen Werbung ist ausdr\u00fccklich nicht erw\u00fcnscht, es sei denn der Anbieter hatte zuvor seine schriftliche Einwilligung erteilt oder es besteht bereits eine Gesch\u00e4ftsbeziehung. Der Anbieter und alle auf dieser Website genannten Personen widersprechen hiermit jeder kommerziellen Verwendung und Weitergabe ihrer Daten.<\/p>\n[\/vc_column_text][\/tab][tab icon_family=&#8221;none&#8221; title=&#8221;5. Besondere Nutzungsbedingungen&#8221; id=&#8221;1742906375738-4&#8243; tab_id=&#8221;1742906375738-8&#8243;][vc_column_text css=&#8221;&#8221; text_direction=&#8221;default&#8221;]\n<p style=\"text-align: justify;\">Soweit besondere Bedingungen f\u00fcr einzelne Nutzungen dieser Website von den vorgenannten Nummern 1. bis 4. abweichen, wird an entsprechender Stelle ausdr\u00fccklich darauf hingewiesen. In diesem Falle gelten im jeweiligen Einzelfall die besonderen Bedingungen.<\/p>\n[\/vc_column_text][\/tab][tab icon_family=&#8221;none&#8221; title=&#8221;6. Kinderschutzkonzept&#8221; id=&#8221;1742906375741-1&#8243; tab_id=&#8221;1742906375741-9&#8243;][vc_column_text css=&#8221;&#8221; text_direction=&#8221;default&#8221;]In der UN-Kinderrechtskonvention steht:\u00a0 Alle Kinder und Jugendlichen haben das Recht,\u00a0dass ihre pers\u00f6nlichen Grenzen respektiert werden. Alle Kinder und Jugendlichen bekommen Schutz vor und Hilfe bei jedem Machtmissbrauch (Vernachl\u00e4ssigung, Gewalt, sexuelle \u00dcbergriffe, Misshandlung).<\/p>\n<p>Auch unsere<strong> Initiative LUNA PARK e.V.<\/strong> will Kinder und Jugendliche sch\u00fctzen.<\/p>\n<p>Daf\u00fcr arbeiten wir mit einem Kinderschutzkonzept. Darin steht:<\/p>\n<ul>\n<li aria-level=\"1\">Wer wir sind und was uns wichtig ist.<\/li>\n<li aria-level=\"1\">Welche Gefahren wir sehen.<\/li>\n<li aria-level=\"1\">Was wir nicht machen d\u00fcrfen.<\/li>\n<li aria-level=\"1\">Was wir machen sollen.<\/li>\n<li aria-level=\"1\">Was wir tun, damit nichts Schlimmes passiert.<br \/>\nZum Beispiel: <strong>Die Stimmen von Kindern und <\/strong><br \/>\n<strong>Jugendlichen stark machen! Damit sie immer <\/strong><br \/>\n<strong>sagen, wenn sie etwas nicht gut finden.<\/strong><\/li>\n<li aria-level=\"1\">Was wir tun, wenn Kinder, Jugendliche oder wir selbst<br \/>\nerkennen, dass doch etwas Schlimmes passiert ist.<\/li>\n<li aria-level=\"1\">Menschen, mit denen Kinder und Jugendliche sprechen k\u00f6nnen.<\/li>\n<li aria-level=\"1\">Telefonnummern, die sie anrufen k\u00f6nnen.<br \/>\nAuch anonym, also ohne Namen zu sagen.<\/li>\n<\/ul>\n<p>&nbsp;<\/p>\n<p>Hier geht es direkt zum<span style=\"color: #ff6600;\"> <a style=\"color: #ff6600;\" href=\"https:\/\/guillaumebesson.com\/wp-content\/uploads\/2024\/09\/2024_06_Praventions-und-Schutzkonzept-Initiative-LUNA-PARK-e.V._inkl.Anhange.pdf\" target=\"_blank\" rel=\"noopener\">Download (PDF)<\/a><\/span> vom Kinderschutzkonzept.<\/p>\n<p>Das Schutzkonzept ist sehr lang.<\/p>\n<p>Wir freuen uns, \u00fcber Fragen oder Kritik zu sprechen.<\/p>\n<p>&nbsp;<\/p>\n<p>&nbsp;<\/p>\n<p>Initiative LUNA PARK e.V.<br \/>\nPrinzenallee 8, 13357 Berlin<br \/>\n<span style=\"color: #ff6600;\"><a style=\"color: #ff6600;\" href=\"https:\/\/guillaumebesson.com\/el\/\">www.lunapark.works<br \/>\n<\/a><a style=\"color: #ff6600;\" href=\"mailto:initiative.lunapark@gmail.com\">initiative.lunapark@gmail.com<\/a><\/span><\/p>\n<p style=\"text-align: right;\">Vereinsvorsitzender: Kosmas Kosmopoulos<\/p>\n<p style=\"text-align: right;\">Stand Februar 2024<\/p>\n[\/vc_column_text][\/tab][\/tabbed_section][\/vc_column][\/vc_row]\n","protected":false},"excerpt":{"rendered":"<p>[vc_row type=&#8221;in_container&#8221; full_screen_row_position=&#8221;middle&#8221; column_margin=&#8221;default&#8221; column_direction=&#8221;default&#8221; column_direction_tablet=&#8221;default&#8221; column_direction_phone=&#8221;default&#8221; scene_position=&#8221;center&#8221; text_color=&#8221;dark&#8221; text_align=&#8221;left&#8221; row_border_radius=&#8221;none&#8221; row_border_radius_applies=&#8221;bg&#8221; overflow=&#8221;visible&#8221; overlay_strength=&#8221;0.3&#8243; gradient_direction=&#8221;left_to_right&#8221; shape_divider_position=&#8221;bottom&#8221; bg_image_animation=&#8221;none&#8221;][vc_column column_padding=&#8221;no-extra-padding&#8221; column_padding_tablet=&#8221;inherit&#8221; column_padding_phone=&#8221;inherit&#8221; column_padding_position=&#8221;all&#8221; column_element_direction_desktop=&#8221;default&#8221; column_element_spacing=&#8221;default&#8221; desktop_text_alignment=&#8221;default&#8221; tablet_text_alignment=&#8221;default&#8221; phone_text_alignment=&#8221;default&#8221; background_color_opacity=&#8221;1&#8243; background_hover_color_opacity=&#8221;1&#8243; column_backdrop_filter=&#8221;none&#8221; column_shadow=&#8221;none&#8221;&#8230;<\/p>\n","protected":false},"author":1,"featured_media":0,"parent":0,"menu_order":0,"comment_status":"closed","ping_status":"closed","template":"","meta":{"_seopress_robots_primary_cat":"","_seopress_titles_title":"","_seopress_titles_desc":"","_seopress_robots_index":"","footnotes":""},"folder":[86],"class_list":["post-22165","page","type-page","status-publish"],"_links":{"self":[{"href":"https:\/\/guillaumebesson.com\/el\/wp-json\/wp\/v2\/pages\/22165","targetHints":{"allow":["GET"]}}],"collection":[{"href":"https:\/\/guillaumebesson.com\/el\/wp-json\/wp\/v2\/pages"}],"about":[{"href":"https:\/\/guillaumebesson.com\/el\/wp-json\/wp\/v2\/types\/page"}],"author":[{"embeddable":true,"href":"https:\/\/guillaumebesson.com\/el\/wp-json\/wp\/v2\/users\/1"}],"replies":[{"embeddable":true,"href":"https:\/\/guillaumebesson.com\/el\/wp-json\/wp\/v2\/comments?post=22165"}],"version-history":[{"count":3,"href":"https:\/\/guillaumebesson.com\/el\/wp-json\/wp\/v2\/pages\/22165\/revisions"}],"predecessor-version":[{"id":41845,"href":"https:\/\/guillaumebesson.com\/el\/wp-json\/wp\/v2\/pages\/22165\/revisions\/41845"}],"wp:attachment":[{"href":"https:\/\/guillaumebesson.com\/el\/wp-json\/wp\/v2\/media?parent=22165"}],"wp:term":[{"taxonomy":"folder","embeddable":true,"href":"https:\/\/guillaumebesson.com\/el\/wp-json\/wp\/v2\/folder?post=22165"}],"curies":[{"name":"wp","href":"https:\/\/api.w.org\/{rel}","templated":true}]}}