{"id":40403,"date":"2024-08-14T09:52:23","date_gmt":"2024-08-14T09:52:23","guid":{"rendered":"https:\/\/guillaumebesson.com\/soziales-engagement\/stronger-together\/"},"modified":"2025-04-04T18:11:50","modified_gmt":"2025-04-04T18:11:50","slug":"stronger-together","status":"publish","type":"page","link":"https:\/\/guillaumebesson.com\/en\/soziales-engagement\/stronger-together\/","title":{"rendered":"STRONGER TOGETHER"},"content":{"rendered":"[vc_row type=&#8221;in_container&#8221; full_screen_row_position=&#8221;middle&#8221; column_margin=&#8221;default&#8221; column_direction=&#8221;default&#8221; column_direction_tablet=&#8221;default&#8221; column_direction_phone=&#8221;default&#8221; scene_position=&#8221;center&#8221; text_color=&#8221;dark&#8221; text_align=&#8221;left&#8221; row_border_radius=&#8221;none&#8221; row_border_radius_applies=&#8221;bg&#8221; overflow=&#8221;visible&#8221; overlay_strength=&#8221;0.3&#8243; gradient_direction=&#8221;left_to_right&#8221; shape_divider_position=&#8221;bottom&#8221; bg_image_animation=&#8221;none&#8221;][vc_column column_padding=&#8221;no-extra-padding&#8221; column_padding_tablet=&#8221;inherit&#8221; column_padding_phone=&#8221;inherit&#8221; column_padding_position=&#8221;all&#8221; column_element_direction_desktop=&#8221;default&#8221; column_element_spacing=&#8221;default&#8221; desktop_text_alignment=&#8221;default&#8221; tablet_text_alignment=&#8221;default&#8221; phone_text_alignment=&#8221;default&#8221; background_color_opacity=&#8221;1&#8243; background_hover_color_opacity=&#8221;1&#8243; column_backdrop_filter=&#8221;none&#8221; column_shadow=&#8221;none&#8221; column_border_radius=&#8221;none&#8221; column_link_target=&#8221;_self&#8221; column_position=&#8221;default&#8221; gradient_direction=&#8221;left_to_right&#8221; overlay_strength=&#8221;0.3&#8243; width=&#8221;1\/1&#8243; tablet_width_inherit=&#8221;default&#8221; animation_type=&#8221;default&#8221; bg_image_animation=&#8221;none&#8221; border_type=&#8221;simple&#8221; column_border_width=&#8221;none&#8221; column_border_style=&#8221;solid&#8221;]\n\t\t\t<!-- START STRONGER TOGETHER REVOLUTION SLIDER 6.7.29 --><p class=\"rs-p-wp-fix\"><\/p>\n\t\t\t<rs-module-wrap id=\"rev_slider_96_1_wrapper\" data-source=\"gallery\" style=\"visibility:hidden;background:transparent;padding:0;\">\n\t\t\t\t<rs-module id=\"rev_slider_96_1\" style=\"\" data-version=\"6.7.29\">\n\t\t\t\t\t<rs-slides style=\"overflow: hidden; position: absolute;\">\n\t\t\t\t\t\t<rs-slide style=\"position: absolute;\" data-key=\"rs-150\" data-title=\"Slide\" data-anim=\"adpr:false;\" data-in=\"o:0;\" data-out=\"a:false;\">\n\t\t\t\t\t\t\t<img decoding=\"async\" src=\"\/\/guillaumebesson.com\/wp-content\/plugins\/revslider\/sr6\/assets\/assets\/dummy.png\" alt=\"\" title=\"pressPLAY\" width=\"2500\" height=\"1667\" class=\"rev-slidebg tp-rs-img rs-lazyload\" data-lazyload=\"\/\/guillaumebesson.com\/wp-content\/uploads\/2023\/04\/13_pressPLAY.jpg\" data-parallax=\"off\" data-no-retina>\n<!--\n\t\t\t\t\t\t\t--><rs-layer\n\t\t\t\t\t\t\t\tid=\"slider-96-slide-150-layer-0\" \n\t\t\t\t\t\t\t\tclass=\"rs-pxl-8\"\n\t\t\t\t\t\t\t\tdata-type=\"text\"\n\t\t\t\t\t\t\t\tdata-color=\"#fff\"\n\t\t\t\t\t\t\t\tdata-tsh=\"c:rgba(0,0,0,0.75);h:5px,4px,3px,1px;b:10px,8px,6px,3px;\"\n\t\t\t\t\t\t\t\tdata-rsp_ch=\"on\"\n\t\t\t\t\t\t\t\tdata-xy=\"x:c;y:m;yo:106px,87px,66px,107px;\"\n\t\t\t\t\t\t\t\tdata-text=\"w:normal;s:100,82,89,62;l:90,74,81,67;ls:-4,-3,-2,-1;fw:600;a:center;\"\n\t\t\t\t\t\t\t\tdata-dim=\"w:auto,auto,694px,446px;minh:0px,none,none,none;\"\n\t\t\t\t\t\t\t\tdata-sba=\"t:true;e:true;\"\n\t\t\t\t\t\t\t\tdata-frame_999=\"o:0;st:w;\"\n\t\t\t\t\t\t\t\tstyle=\"z-index:5;font-family:'Commissioner';\"\n\t\t\t\t\t\t\t>STRONGER TOGETHER \n\t\t\t\t\t\t\t<\/rs-layer><!--\n-->\t\t\t\t\t<\/rs-slide>\n\t\t\t\t\t<\/rs-slides>\n\t\t\t\t<\/rs-module>\n\t\t\t\t<script>\n\t\t\t\t\tsetREVStartSize({c: 'rev_slider_96_1',rl:[1240,1024,778,480],el:[899.99,768,960,720],gw:[1240,1024,778,480],gh:[900,768,960,720],type:'hero',justify:'',layout:'fullscreen',offsetContainer:'',offset:'',mh:\"0\"});if (window.RS_MODULES!==undefined && window.RS_MODULES.modules!==undefined && window.RS_MODULES.modules[\"revslider961\"]!==undefined) {window.RS_MODULES.modules[\"revslider961\"].once = false;window.revapi96 = undefined;if (window.RS_MODULES.checkMinimal!==undefined) window.RS_MODULES.checkMinimal()}\n\t\t\t\t<\/script>\n\t\t\t<\/rs-module-wrap>\n\t\t\t<!-- END REVOLUTION SLIDER -->\n[\/vc_column][\/vc_row][vc_row type=&#8221;in_container&#8221; full_screen_row_position=&#8221;middle&#8221; column_margin=&#8221;default&#8221; column_direction=&#8221;default&#8221; column_direction_tablet=&#8221;default&#8221; column_direction_phone=&#8221;default&#8221; scene_position=&#8221;center&#8221; text_color=&#8221;dark&#8221; text_align=&#8221;left&#8221; row_border_radius=&#8221;none&#8221; row_border_radius_applies=&#8221;bg&#8221; overflow=&#8221;visible&#8221; overlay_strength=&#8221;0.3&#8243; gradient_direction=&#8221;left_to_right&#8221; shape_divider_position=&#8221;bottom&#8221; bg_image_animation=&#8221;none&#8221; css=&#8221;.vc_custom_1624005279085{background-color: #ffffff !important;}&#8221; side_background_title_typo=&#8221;null&#8221;][vc_column column_padding=&#8221;no-extra-padding&#8221; column_padding_tablet=&#8221;inherit&#8221; column_padding_phone=&#8221;inherit&#8221; column_padding_position=&#8221;all&#8221; column_element_direction_desktop=&#8221;default&#8221; column_element_spacing=&#8221;default&#8221; desktop_text_alignment=&#8221;default&#8221; tablet_text_alignment=&#8221;default&#8221; phone_text_alignment=&#8221;default&#8221; background_color_opacity=&#8221;1&#8243; background_hover_color_opacity=&#8221;1&#8243; column_backdrop_filter=&#8221;none&#8221; column_shadow=&#8221;none&#8221; column_border_radius=&#8221;none&#8221; column_link_target=&#8221;_self&#8221; column_position=&#8221;default&#8221; gradient_direction=&#8221;left_to_right&#8221; overlay_strength=&#8221;0.3&#8243; width=&#8221;1\/1&#8243; tablet_width_inherit=&#8221;default&#8221; animation_type=&#8221;default&#8221; bg_image_animation=&#8221;none&#8221; border_type=&#8221;simple&#8221; column_border_width=&#8221;none&#8221; column_border_style=&#8221;solid&#8221;][vc_column_text css=&#8221;&#8221;]Unsere Initiative LUNA PARK (Berlin) und unsere Partnerorganisation LOUNA PARK ERGA (Athen) f\u00fchren bereits seit 2016 Austauschprogramme f\u00fcr junge Nachwuchsk\u00fcnstler*innen (18-30 Jahre) und Fachkr\u00e4fte in ihren gemeinsam entwickelten Formaten \u201eHow to dance in times of crisis?\u201c und \u201eTeaching Performance\u201d durch. Aufgrund der jeweils begrenzten Laufzeit dieser vorwiegend vom Deutsch-Griechischen Jugendwerk gef\u00f6rderten Formate war es uns bisher nur eingeschr\u00e4nkt m\u00f6glich, uns strukturell nachhaltig auf den Ausbau dieser Austauschprogramme, auch in Hinsicht auf eine zuk\u00fcnftige Zusammenarbeit mit Partnern aus anderen L\u00e4ndern, vorzubereiten.<\/p>\n<p>Mit unserem zweij\u00e4hrigen gemeinsamen <a href=\"https:\/\/erasmus-plus.ec.europa.eu\/de\/programme-guide\/part-b\/key-action-2\/small-scale-partnerships\" target=\"_blank\" rel=\"noopener\"><strong>Small-scale-Partnership<\/strong><\/a>-Projekt \u201eStronger Together\u201c, durchgef\u00fchrt von Mai 2022 bis Mai 2024 im Rahmen des EU-Programms <a href=\"https:\/\/www.erasmusplus.de\/\" target=\"_blank\" rel=\"noopener\"><strong>Erasmus+<\/strong><\/a>, konnten wir die Herausforderungen unserer Organisationen identifizieren, gemeinsame Fortbildungsma\u00dfnahmen etablieren und unsere Austauschprogramme im Bereich der zeitgen\u00f6ssischen darstellenden Kunst optimieren. Mit dem Aufbau gemeinsamer digitalen Arbeitsplattformen konnten die bisher nur sporadisch und weitgehend in Gespr\u00e4chen und Seminaren vermittelten Lerninhalte der Know-How-Tr\u00e4ger schriftlich erarbeitet, festgehalten und zug\u00e4nglich gemacht werden.\u201eStronger Together\u201c erm\u00f6glichte unseren beiden Organisationen, sich mit den Qualit\u00e4tsstandards und Leitlinien der europ\u00e4ischen Jugendarbeit auseinanderzusetzen, um sich ein gemeinsames solides Fundament f\u00fcr die k\u00fcnftige Durchf\u00fchrung transnationaler Projekte aufzubauen.<\/p>\n<p>Mit \u201eStronger Together\u201c konnten die Initiative LUNA PARK e.V und LOUNA PARK ERGA ihre Zusammenarbeit in der kulturellen Jugendarbeit nach europ\u00e4ischen Qualit\u00e4tsstandards professionalisieren und nachhaltig verstetigen. Dabei war der Know-How-Transfer zwischen unseren beiden Organisationen eine wichtige S\u00e4ule des Qualifizierungsprozesses, um unsere Kompetenzen und Erfahrungen mit Austausch- und Fortbildungsprogrammen im Bereich der darstellenden K\u00fcnste auch in k\u00fcnftige europ\u00e4ische Kooperationsprojekte, auch mit Drittl\u00e4ndern, strukturiert einzubringen. Im Fokus dieser Projekte stehen die F\u00f6rderung der Qualifizierung junger Erwachsener und von Fachkr\u00e4ften, basierend auf europ\u00e4ischen Werten, Leitlinien und Standards, ihrer europ\u00e4ischen Mobilit\u00e4t und gleichberechtigter Teilhabe. Junge Erwachsene, die sich noch in der beruflichen Orientierung befinden, sich die in k\u00fcnstlerischen Berufsfeldern vorwiegend verbreiteten privatwirtschaftlichen Bildungsinstitutionen nicht leisten k\u00f6nnen, lernen vielf\u00e4ltige T\u00e4tigkeitsfelder kennen und k\u00f6nnen sich in der Produktionswelt des zeitgen\u00f6ssischen Tanzes und der kulturellen Bildungsarbeit ausprobieren.<\/p>\n<p>Mit \u201eStronger Together\u201c konnten wir uns darauf vorbereiten, k\u00fcnftig an europ\u00e4ischen (Standardisierungs-)Prozessen der k\u00fcnstlerischen kulturellen Jugendbildung, insbesondere an Programmen zum Austausch f\u00fcr junge Nachwuchs- und Fachkr\u00e4fte in der zeitgen\u00f6ssischen darstellenden Kunst, erfahrungsbasiert, konstruktiv und sichtbar mitzuwirken. F\u00fcr eine langfristige Kooperation und die Einbeziehung von Drittl\u00e4ndern wurden gemeinsame Werte identifiziert, ein Kinderschutzkonzept entwickelt, Lern- und Kursmaterialien mit Handouts f\u00fcr die praktische kulturelle Jugendarbeit in der darstellenden Kunst erarbeitet, sowie ein gemeinsamer Kriterienkatalog f\u00fcr die Bewerberauswahl. F\u00fcr den Know-How-Transfer und die Erarbeitung der Ergebnisse wurden digitale Arbeitsplattformen eingerichtet, die die Synchronisierung der Arbeitsprozesse unterst\u00fctzen und die gemeinsame Weiterentwicklung der Lernmodule f\u00fcr gemeinsame Fortbildungen beschleunigen.<\/p>\n<p>Bestandteil von \u201eStronger Together\u201c war das eingangs erw\u00e4hnte kollektive Auff\u00fchrungsformat \u201eLUNAPARK.works\u201c (seit 2018 Bestandteil von \u201eHow to dance in times of crisis?\u201c), das auch eine wichtige Rolle bei der \u00f6ffentlichen Sichtbarmachung praktischer Projektergebnisse spielte und das regelm\u00e4\u00dfig \u00f6ffentlich bzw. vor einem Fachpublikum gezeigt werden konnte. In diesem Format konnten junge Tanzschaffende, betreut, unterst\u00fctzt und kuratiert von erfahrenen Choreograf*innen und Tanzwissenschaftler*innen, die zus\u00e4tzlich auch praktische Workshops in Choreografie und Improvisation sowie gemeinsame Tanzproben anleiteten, im Kollektiv erarbeitete eigene choreografische Projekte und Performances (Soli und Gruppenst\u00fccke) pr\u00e4sentieren. Mehr Infos dazu unter den folgenden Links:<br \/>\n<a href=\"https:\/\/guillaumebesson.com\/en\/auffuehrungen\/lunaparkworks-05\/\" target=\"_blank\" rel=\"noopener\">www.lunapark.works\/auffuehrungen\/lunaparkworks-05\/<\/a><br \/>\n<a href=\"https:\/\/guillaumebesson.com\/en\/auffuehrungen\/lunaparkworks-04\/\" target=\"_blank\" rel=\"noopener\">www.lunapark.works\/auffuehrungen\/lunaparkworks-04\/<\/a><br \/>\n<a href=\"https:\/\/guillaumebesson.com\/en\/auffuehrungen\/lunaparkworks-03\/\" target=\"_blank\" rel=\"noopener\">www.lunapark.works\/auffuehrungen\/lunaparkworks-03\/<\/a><\/p>\n<p>Eine detaillierte Auswahl der Projektergebnisse von &#8220;Stronger Together&#8221; ist auf der <strong>Erasmus+ Project Results Platform <\/strong>einzusehen (<span style=\"color: #0000ff;\">Link folgt in K\u00fcrze<\/span>). Gerne geben wir interessierten Personen und Institutionen ausf\u00fchrliche Auskunft \u00fcber unsere Erfahrungen bei der Beantragung, Durchf\u00fchrung und Evaluation unseres Projekts. Anfragen dazu bitte an: <a href=\"mailto:contact@guillaumebesson.com\" target=\"_blank\" rel=\"noopener\">contact@guillaumebesson.com<\/a><strong><br \/>\n<\/strong>[\/vc_column_text][\/vc_column][\/vc_row][vc_row type=&#8221;in_container&#8221; full_screen_row_position=&#8221;middle&#8221; column_margin=&#8221;default&#8221; column_direction=&#8221;default&#8221; column_direction_tablet=&#8221;default&#8221; column_direction_phone=&#8221;default&#8221; scene_position=&#8221;center&#8221; text_color=&#8221;dark&#8221; text_align=&#8221;left&#8221; row_border_radius=&#8221;none&#8221; row_border_radius_applies=&#8221;bg&#8221; overflow=&#8221;visible&#8221; overlay_strength=&#8221;0.3&#8243; gradient_direction=&#8221;left_to_right&#8221; shape_divider_position=&#8221;bottom&#8221; bg_image_animation=&#8221;none&#8221; full_width=&#8221;stretch_row&#8221; side_background_title_typo=&#8221;null&#8221;][vc_column column_padding=&#8221;no-extra-padding&#8221; column_padding_tablet=&#8221;inherit&#8221; column_padding_phone=&#8221;inherit&#8221; column_padding_position=&#8221;all&#8221; column_element_direction_desktop=&#8221;default&#8221; column_element_spacing=&#8221;default&#8221; desktop_text_alignment=&#8221;default&#8221; tablet_text_alignment=&#8221;default&#8221; phone_text_alignment=&#8221;default&#8221; background_color_opacity=&#8221;1&#8243; background_hover_color_opacity=&#8221;1&#8243; column_backdrop_filter=&#8221;none&#8221; column_shadow=&#8221;none&#8221; column_border_radius=&#8221;none&#8221; column_link_target=&#8221;_self&#8221; column_position=&#8221;default&#8221; gradient_direction=&#8221;left_to_right&#8221; overlay_strength=&#8221;0.3&#8243; width=&#8221;1\/1&#8243; tablet_width_inherit=&#8221;default&#8221; animation_type=&#8221;default&#8221; bg_image_animation=&#8221;none&#8221; border_type=&#8221;simple&#8221; column_border_width=&#8221;none&#8221; column_border_style=&#8221;solid&#8221;][vc_column_text css=&#8221;&#8221;]<img loading=\"lazy\" decoding=\"async\" class=\"alignnone wp-image-40395 size-full\" src=\"https:\/\/guillaumebesson.com\/wp-content\/uploads\/2024\/08\/DE-Kofinanziert-von-der-Europaischen-Union_POS-scaled.jpg\" alt=\"\" width=\"2560\" height=\"537\" srcset=\"https:\/\/guillaumebesson.com\/wp-content\/uploads\/2024\/08\/DE-Kofinanziert-von-der-Europaischen-Union_POS-scaled.jpg 2560w, https:\/\/guillaumebesson.com\/wp-content\/uploads\/2024\/08\/DE-Kofinanziert-von-der-Europaischen-Union_POS-300x63.jpg 300w, https:\/\/guillaumebesson.com\/wp-content\/uploads\/2024\/08\/DE-Kofinanziert-von-der-Europaischen-Union_POS-1024x215.jpg 1024w, https:\/\/guillaumebesson.com\/wp-content\/uploads\/2024\/08\/DE-Kofinanziert-von-der-Europaischen-Union_POS-768x161.jpg 768w, https:\/\/guillaumebesson.com\/wp-content\/uploads\/2024\/08\/DE-Kofinanziert-von-der-Europaischen-Union_POS-1536x322.jpg 1536w, https:\/\/guillaumebesson.com\/wp-content\/uploads\/2024\/08\/DE-Kofinanziert-von-der-Europaischen-Union_POS-2048x430.jpg 2048w, https:\/\/guillaumebesson.com\/wp-content\/uploads\/2024\/08\/DE-Kofinanziert-von-der-Europaischen-Union_POS-1920x403.jpg 1920w, https:\/\/guillaumebesson.com\/wp-content\/uploads\/2024\/08\/DE-Kofinanziert-von-der-Europaischen-Union_POS-600x126.jpg 600w\" sizes=\"auto, (max-width: 2560px) 100vw, 2560px\" \/>[\/vc_column_text][\/vc_column][\/vc_row]\n","protected":false},"excerpt":{"rendered":"<p>[vc_row type=&#8221;in_container&#8221; full_screen_row_position=&#8221;middle&#8221; column_margin=&#8221;default&#8221; column_direction=&#8221;default&#8221; column_direction_tablet=&#8221;default&#8221; column_direction_phone=&#8221;default&#8221; scene_position=&#8221;center&#8221; text_color=&#8221;dark&#8221; text_align=&#8221;left&#8221; row_border_radius=&#8221;none&#8221; row_border_radius_applies=&#8221;bg&#8221; overflow=&#8221;visible&#8221; overlay_strength=&#8221;0.3&#8243; gradient_direction=&#8221;left_to_right&#8221; shape_divider_position=&#8221;bottom&#8221; bg_image_animation=&#8221;none&#8221;][vc_column column_padding=&#8221;no-extra-padding&#8221; column_padding_tablet=&#8221;inherit&#8221; column_padding_phone=&#8221;inherit&#8221; column_padding_position=&#8221;all&#8221; column_element_direction_desktop=&#8221;default&#8221; column_element_spacing=&#8221;default&#8221; desktop_text_alignment=&#8221;default&#8221; tablet_text_alignment=&#8221;default&#8221; phone_text_alignment=&#8221;default&#8221; background_color_opacity=&#8221;1&#8243; background_hover_color_opacity=&#8221;1&#8243; column_backdrop_filter=&#8221;none&#8221; column_shadow=&#8221;none&#8221;&#8230;<\/p>\n","protected":false},"author":4,"featured_media":0,"parent":21812,"menu_order":0,"comment_status":"closed","ping_status":"closed","template":"","meta":{"_seopress_robots_primary_cat":"","_seopress_titles_title":"","_seopress_titles_desc":"","_seopress_robots_index":"","footnotes":""},"folder":[24],"class_list":["post-40403","page","type-page","status-publish"],"_links":{"self":[{"href":"https:\/\/guillaumebesson.com\/en\/wp-json\/wp\/v2\/pages\/40403","targetHints":{"allow":["GET"]}}],"collection":[{"href":"https:\/\/guillaumebesson.com\/en\/wp-json\/wp\/v2\/pages"}],"about":[{"href":"https:\/\/guillaumebesson.com\/en\/wp-json\/wp\/v2\/types\/page"}],"author":[{"embeddable":true,"href":"https:\/\/guillaumebesson.com\/en\/wp-json\/wp\/v2\/users\/4"}],"replies":[{"embeddable":true,"href":"https:\/\/guillaumebesson.com\/en\/wp-json\/wp\/v2\/comments?post=40403"}],"version-history":[{"count":3,"href":"https:\/\/guillaumebesson.com\/en\/wp-json\/wp\/v2\/pages\/40403\/revisions"}],"predecessor-version":[{"id":42163,"href":"https:\/\/guillaumebesson.com\/en\/wp-json\/wp\/v2\/pages\/40403\/revisions\/42163"}],"up":[{"embeddable":true,"href":"https:\/\/guillaumebesson.com\/en\/wp-json\/wp\/v2\/pages\/21812"}],"wp:attachment":[{"href":"https:\/\/guillaumebesson.com\/en\/wp-json\/wp\/v2\/media?parent=40403"}],"wp:term":[{"taxonomy":"folder","embeddable":true,"href":"https:\/\/guillaumebesson.com\/en\/wp-json\/wp\/v2\/folder?post=40403"}],"curies":[{"name":"wp","href":"https:\/\/api.w.org\/{rel}","templated":true}]}}